{"id":72,"date":"2024-05-29T18:25:08","date_gmt":"2024-05-29T18:25:08","guid":{"rendered":"https:\/\/lifer.mk\/index.php\/home\/"},"modified":"2025-07-19T19:35:39","modified_gmt":"2025-07-19T19:35:39","slug":"home","status":"publish","type":"page","link":"https:\/\/lifer.mk\/sq\/","title":{"rendered":"Home"},"content":{"rendered":"<div data-elementor-type=\"wp-page\" data-elementor-id=\"72\" class=\"elementor elementor-72\" data-elementor-post-type=\"page\">\n\t\t\t\t<div class=\"elementor-element elementor-element-4adfb06 e-flex e-con-boxed e-con e-parent\" data-id=\"4adfb06\" data-element_type=\"container\" data-settings=\"{&quot;background_background&quot;:&quot;classic&quot;}\">\n\t\t\t\t\t<div class=\"e-con-inner\">\n\t\t\t\t<div class=\"elementor-element elementor-element-87e6235 elementor-widget__width-inherit elementor-widget elementor-widget-heading\" data-id=\"87e6235\" data-element_type=\"widget\" data-widget_type=\"heading.default\">\n\t\t\t\t<div class=\"elementor-widget-container\">\n\t\t\t<style>\/*! elementor - v3.21.0 - 26-05-2024 *\/\n.elementor-heading-title{padding:0;margin:0;line-height:1}.elementor-widget-heading .elementor-heading-title[class*=elementor-size-]>a{color:inherit;font-size:inherit;line-height:inherit}.elementor-widget-heading .elementor-heading-title.elementor-size-small{font-size:15px}.elementor-widget-heading .elementor-heading-title.elementor-size-medium{font-size:19px}.elementor-widget-heading .elementor-heading-title.elementor-size-large{font-size:29px}.elementor-widget-heading .elementor-heading-title.elementor-size-xl{font-size:39px}.elementor-widget-heading .elementor-heading-title.elementor-size-xxl{font-size:59px}<\/style><h2 class=\"elementor-heading-title elementor-size-default\">E DI \u00c7FAR\u00cb \u00cbSHT\u00cb<br>M\u00cb E MIRA!<\/h2>\t\t<\/div>\n\t\t\t\t<\/div>\n\t\t\t\t<div class=\"elementor-element elementor-element-335cc56 elementor-widget elementor-widget-heading\" data-id=\"335cc56\" data-element_type=\"widget\" data-widget_type=\"heading.default\">\n\t\t\t\t<div class=\"elementor-widget-container\">\n\t\t\t<h1 class=\"elementor-heading-title elementor-size-default\">E prodhuar me teknologjin\u00eb m\u00eb t\u00eb re dhe m\u00eb moderne, birra premium e leht\u00eb Lifer lager \u00ebsht\u00eb e pa-pasterizuar dhe e filtruar n\u00eb t\u00eb ftoht\u00eb.<br><br>\n  Lifer \u00ebsht\u00eb nj\u00eb birr\u00eb e p\u00ebrgatitur sipas nj\u00eb recete gjermane 500-vje\u00e7are.<br>E realizuar duke ndjekur arritjet m\u00eb t\u00eb fundit n\u00eb industrin\u00eb bot\u00ebrore t\u00eb birr\u00ebs. <br><br>\n  E p\u00ebrpunuar sipas trendeve dhe nevojave t\u00eb konsumator\u00ebve q\u00eb k\u00ebrkojn\u00eb nj\u00eb shije t\u00eb rafinuar, ajo prodhohet me teknologjin\u00eb m\u00eb t\u00eb re t\u00eb filtrimit n\u00eb t\u00eb ftoht\u00eb, duke shmangur procesin e pasterizimit.<\/h1>\t\t<\/div>\n\t\t\t\t<\/div>\n\t\t\t\t\t<\/div>\n\t\t\t\t<\/div>\n\t\t<div class=\"elementor-element elementor-element-c77365a e-flex e-con-boxed e-con e-parent\" data-id=\"c77365a\" data-element_type=\"container\" data-settings=\"{&quot;background_background&quot;:&quot;classic&quot;}\">\n\t\t\t\t\t<div class=\"e-con-inner\">\n\t\t\t\t<div class=\"elementor-element elementor-element-7f9d71f elementor-widget elementor-widget-slider_revolution\" data-id=\"7f9d71f\" data-element_type=\"widget\" data-widget_type=\"slider_revolution.default\">\n\t\t\t\t<div class=\"elementor-widget-container\">\n\t\t\t\n\t\t<div class=\"wp-block-themepunch-revslider\">\n\t\t\t\t<p class=\"rs-p-wp-fix\"><\/p>\n\t\t\t\t<sr7-module data-alias=\"slider-4\" data-id=\"9\" id=\"SR7_9_1\" class=\"rs-ov-hidden\" data-version=\"6.7.20\">\n\t\t\t\t\t<sr7-adjuster><\/sr7-adjuster>\n\t\t\t\t\t<sr7-content>\n\t\t\t\t\t\t<sr7-slide id=\"SR7_9_1-43\" data-key=\"43\">\n\t\t\t\t\t\t\t<sr7-txt id=\"SR7_9_1-43-1\" class=\"sr7-layer\">N\u00cb AMBALAZH PET<\/sr7-txt>\n\t\t\t\t\t\t\t<sr7-txt id=\"SR7_9_1-43-3\" class=\"sr7-layer\"> Shijoje n\u00eb komoditetin e sht\u00ebpis\u00eb, n\u00eb piknik apo kudo ku ke shoq\u00ebri t\u00eb mir\u00eb!\nAmbalazhi 1,25L \u00ebsht\u00eb ideal p\u00ebr \u00e7do rast!<br \/>\n<br \/>\n<\/sr7-txt>\n\t\t\t\t\t\t<\/sr7-slide>\n\t\t\t\t\t\t<sr7-slide id=\"SR7_9_1-44\" data-key=\"44\">\n\t\t\t\t\t\t\t<sr7-txt id=\"SR7_9_1-44-1\" class=\"sr7-layer\">\u0412\u041e \u0421\u0422\u0410\u041a\u041b\u0415\u041d\u0410 \u0430\u043c\u0431\u0430\u043b\u0430\u0436\u0430<\/sr7-txt>\n\t\t\t\t\t\t\t<sr7-txt id=\"SR7_9_1-44-3\" class=\"sr7-layer\">E pa-pasterizuar dhe e filtruar n\u00eb t\u00eb ftoht\u00eb \u2013 tashm\u00eb n\u00eb barin apo kafenen\u00eb t\u00ebnde t\u00eb preferuar!<br \/>\n<br \/>\n  \u0417\u0430 \u0432\u0438\u0441\u0442\u0438\u043d\u0441\u043a\u043e \u0443\u0436\u0438\u0432\u0430\u045a\u0435, \u0432\u043e \u0430\u043c\u0431\u0430\u043b\u0430\u0436\u0430 \u043e\u0434  0,5L \u0438 0,33L<br \/>\n<br \/>\n<\/sr7-txt>\n\t\t\t\t\t\t<\/sr7-slide>\n\t\t\t\t\t\t<sr7-slide id=\"SR7_9_1-41\" data-key=\"41\">\n\t\t\t\t\t\t\t<sr7-txt id=\"SR7_9_1-41-1\" class=\"sr7-layer\">\u0412\u041e \u041b\u0418\u041c\u0415\u041d\u041a\u0410<\/sr7-txt>\n\t\t\t\t\t\t\t<sr7-txt id=\"SR7_9_1-41-3\" class=\"sr7-layer\">\u0414\u0430\u043b\u0438 \u0437\u043d\u0430\u0435\u0448\u0435 \u0434\u0435\u043a\u0430 Lifer \u043f\u0438\u0432\u043e\u0442\u043e \u0438\u043c\u0430 \u0440\u043e\u043a \u043d\u0430 \u043a\u043e\u0440\u0438\u0441\u0442\u0435\u045a\u0435 \u043e\u0434 3 \u043c\u0435\u0441\u0435\u0446\u0438? <br \/>\n<br \/>\n \u0422\u043e\u0435 \u0435 \u0442\u0432\u043e\u0458\u0430 \u0433\u0430\u0440\u0430\u043d\u0446\u0438\u0458\u0430 \u0437\u0430 \u043f\u043e\u0441\u0442\u043e\u0458\u0430\u043d \u043a\u0432\u0430\u043b\u0438\u0442\u0435\u0442 \u0438 \u0441\u0432\u0435\u0436\u0438\u043d\u0430 \u043d\u0430 \u043f\u0440\u043e\u0438\u0437\u0432\u043e\u0434\u043e\u0442 \u0432\u043e \u0430\u043c\u0431\u0430\u043b\u0430\u0436\u0430 \u043e\u0434 0,5L \u0438 0,33L<br \/>\n<br \/>\n<\/sr7-txt>\n\t\t\t\t\t\t<\/sr7-slide>\n\t\t\t\t\t\t<sr7-slide id=\"SR7_9_1-42\" data-key=\"42\">\n\t\t\t\t\t\t\t<a id=\"SR7_9_1-42-9\" class=\"sr7-layer\" href=\"https:\/\/lifer.mk\/sq\/proizvodi\/\" target=\"_self\">SHIKO T\u00cb GJITHA<\/a>\n\t\t\t\t\t\t<\/sr7-slide>\n\t\t\t\t\t<\/sr7-content>\n\t\t\t\t\t<image_lists style=\"display:none\">\n\t\t\t\t\t\t<img data-src=\"\/\/lifer.mk\/wp-content\/uploads\/2024\/12\/Lifer-Material_can.png\" data-libid=\"2258\" data-lib=\"medialibrary\" title=\"Lifer Material_can\" width=\"0\" height=\"0\" data-dbsrc=\"Ly9saWZlci5tay93cC1jb250ZW50L3VwbG9hZHMvMjAyNC8xMi9MaWZlci1NYXRlcmlhbF9jYW4ucG5n\"\/>\n\t\t\t\t\t\t<img data-src=\"\/\/lifer.mk\/wp-content\/uploads\/2024\/12\/Lifer-Material_logo.png\" data-libid=\"2260\" data-lib=\"medialibrary\" title=\"Lifer Material_logo\" width=\"0\" height=\"0\" data-dbsrc=\"Ly9saWZlci5tay93cC1jb250ZW50L3VwbG9hZHMvMjAyNC8xMi9MaWZlci1NYXRlcmlhbF9sb2dvLnBuZw==\"\/>\n\t\t\t\t\t\t<img data-src=\"\/\/lifer.mk\/wp-content\/uploads\/2024\/12\/Lifer-Material_PET-125.png\" data-libid=\"2262\" data-lib=\"medialibrary\" title=\"Lifer Material_PET 1,25\" width=\"0\" height=\"0\" data-dbsrc=\"Ly9saWZlci5tay93cC1jb250ZW50L3VwbG9hZHMvMjAyNC8xMi9MaWZlci1NYXRlcmlhbF9QRVQtMTI1LnBuZw==\"\/>\n\t\t\t\t\t\t<img loading=\"lazy\" data-src=\"\/\/lifer.mk\/wp-content\/uploads\/2024\/12\/Lifer-Material_Stakleni-ambalazi.png\" data-libid=\"2263\" data-lib=\"medialibrary\" title=\"Lifer Material_Stakleni ambalazi\" width=\"0\" height=\"0\" data-dbsrc=\"Ly9saWZlci5tay93cC1jb250ZW50L3VwbG9hZHMvMjAyNC8xMi9MaWZlci1NYXRlcmlhbF9TdGFrbGVuaS1hbWJhbGF6aS5wbmc=\"\/>\n\t\t\t\t\t<\/image_lists>\n\t\t\t\t<\/sr7-module>\n\t\t\t\t<script>\n\t\t\t\t\tSR7.PMH ??={}; SR7.PMH[\"SR7_9_1\"] = {cn:0,state:false,fn: function() { if (_tpt!==undefined && _tpt.prepareModuleHeight !== undefined) {  _tpt.prepareModuleHeight({id:\"SR7_9_1\",el:[900,900,900,900,720],type:'standard',shdw:'0',gh:[900,900,900,900,720],gw:[1240,1240,1240,1240,480],vpt:['100px&#039;,&#039;100px&#039;,&#039;100px&#039;,&#039;100px&#039;,&#039;100px'],size:{fullWidth:true, fullHeight:false},mh:'0',onh:0,onw:0,bg:{color:'{\"orig\":\"transparent\",\"type\":\"solid\",\"string\":\"transparent\"}'}});   SR7.PMH[\"SR7_9_1\"].state=true;} else if((SR7.PMH[\"SR7_9_1\"].cn++)<100)\tsetTimeout( SR7.PMH[\"SR7_9_1\"].fn,19);}};SR7.PMH[\"SR7_9_1\" ].fn();\n\t\t\t\t<\/script>\n<\/div>\n\n\t\t\t\t<\/div>\n\t\t\t\t<\/div>\n\t\t\t\t\t<\/div>\n\t\t\t\t<\/div>\n\t\t<div class=\"elementor-element elementor-element-ea30267 e-con-full e-flex e-con e-parent\" data-id=\"ea30267\" data-element_type=\"container\">\n\t\t<div class=\"elementor-element elementor-element-8fa297b e-con-full e-flex e-con e-child\" data-id=\"8fa297b\" data-element_type=\"container\">\n\t\t\t\t<div class=\"elementor-element elementor-element-d019642 elementor-widget elementor-widget-image\" data-id=\"d019642\" data-element_type=\"widget\" data-widget_type=\"image.default\">\n\t\t\t\t<div class=\"elementor-widget-container\">\n\t\t\t<style>\/*! elementor - v3.21.0 - 26-05-2024 *\/\n.elementor-widget-image{text-align:center}.elementor-widget-image a{display:inline-block}.elementor-widget-image a img[src$=\".svg\"]{width:48px}.elementor-widget-image img{vertical-align:middle;display:inline-block}<\/style>\t\t\t\t\t\t\t\t\t\t<img loading=\"lazy\" decoding=\"async\" width=\"1024\" height=\"749\" src=\"https:\/\/lifer.mk\/wp-content\/uploads\/2024\/12\/Photo-Za-nas-1024x749.png\" class=\"attachment-large size-large wp-image-2265\" alt=\"\" srcset=\"https:\/\/lifer.mk\/wp-content\/uploads\/2024\/12\/Photo-Za-nas-1024x749.png 1024w, https:\/\/lifer.mk\/wp-content\/uploads\/2024\/12\/Photo-Za-nas-300x219.png 300w, https:\/\/lifer.mk\/wp-content\/uploads\/2024\/12\/Photo-Za-nas-768x562.png 768w, https:\/\/lifer.mk\/wp-content\/uploads\/2024\/12\/Photo-Za-nas-1536x1123.png 1536w, https:\/\/lifer.mk\/wp-content\/uploads\/2024\/12\/Photo-Za-nas-2048x1498.png 2048w\" sizes=\"(max-width: 1024px) 100vw, 1024px\" \/>\t\t\t\t\t\t\t\t\t\t\t\t\t<\/div>\n\t\t\t\t<\/div>\n\t\t\t\t<\/div>\n\t\t<div class=\"elementor-element elementor-element-288e589 e-con-full e-flex e-con e-child\" data-id=\"288e589\" data-element_type=\"container\" data-settings=\"{&quot;background_background&quot;:&quot;classic&quot;}\">\n\t\t\t\t<div class=\"elementor-element elementor-element-5a9e8d0 elementor-widget elementor-widget-heading\" data-id=\"5a9e8d0\" data-element_type=\"widget\" data-widget_type=\"heading.default\">\n\t\t\t\t<div class=\"elementor-widget-container\">\n\t\t\t<h2 class=\"elementor-heading-title elementor-size-default\">RRETH KOMPANIS\u00cb<\/h2>\t\t<\/div>\n\t\t\t\t<\/div>\n\t\t\t\t<div class=\"elementor-element elementor-element-f972458 elementor-widget elementor-widget-text-editor\" data-id=\"f972458\" data-element_type=\"widget\" data-widget_type=\"text-editor.default\">\n\t\t\t\t<div class=\"elementor-widget-container\">\n\t\t\t<style>\/*! elementor - v3.21.0 - 26-05-2024 *\/\n.elementor-widget-text-editor.elementor-drop-cap-view-stacked .elementor-drop-cap{background-color:#69727d;color:#fff}.elementor-widget-text-editor.elementor-drop-cap-view-framed .elementor-drop-cap{color:#69727d;border:3px solid;background-color:transparent}.elementor-widget-text-editor:not(.elementor-drop-cap-view-default) .elementor-drop-cap{margin-top:8px}.elementor-widget-text-editor:not(.elementor-drop-cap-view-default) .elementor-drop-cap-letter{width:1em;height:1em}.elementor-widget-text-editor .elementor-drop-cap{float:left;text-align:center;line-height:1;font-size:50px}.elementor-widget-text-editor .elementor-drop-cap-letter{display:inline-block}<\/style>\t\t\t\t<p>\u00a0 Kozhuf\u00e7anka SHPK u themelua n\u00eb vitin 1993 n\u00eb Kavadarci, Maqedoni. U krijua nga v\u00ebllez\u00ebrit Nikola dhe Stojan Jan\u00e7evi, me q\u00ebllimin fillestar t\u00eb k\u00ebrkimit dhe shfryt\u00ebzimit t\u00eb burimeve minerale dhe ujit n\u00eb malin Kozhuf. Pas hulumtimeve t\u00eb burimit, kompania mori leje dhe koncesion p\u00ebr shfryt\u00ebzim dhe filloi zyrtarisht n\u00eb vitin 1995, duke nisur zhvillimin e Kozhuf\u00e7anka si uji i par\u00eb mineral privat.<\/p>\t\t\t\t\t\t<\/div>\n\t\t\t\t<\/div>\n\t\t\t\t<div class=\"elementor-element elementor-element-ff029e0 elementor-align-center elementor-widget elementor-widget-button\" data-id=\"ff029e0\" data-element_type=\"widget\" data-widget_type=\"button.default\">\n\t\t\t\t<div class=\"elementor-widget-container\">\n\t\t\t\t\t<div class=\"elementor-button-wrapper\">\n\t\t\t<a class=\"elementor-button elementor-button-link elementor-size-sm\" href=\"\/sq\/nashata-kompanija\/\">\n\t\t\t\t\t\t<span class=\"elementor-button-content-wrapper\">\n\t\t\t\t\t\t\t\t\t<span class=\"elementor-button-text\">LEXO M\u00cb SHUM\u00cb<\/span>\n\t\t\t\t\t<\/span>\n\t\t\t\t\t<\/a>\n\t\t<\/div>\n\t\t\t\t<\/div>\n\t\t\t\t<\/div>\n\t\t\t\t<\/div>\n\t\t\t\t<\/div>\n\t\t<div class=\"elementor-element elementor-element-91ef8ba e-flex e-con-boxed e-con e-parent\" data-id=\"91ef8ba\" data-element_type=\"container\" data-settings=\"{&quot;background_background&quot;:&quot;classic&quot;}\">\n\t\t\t\t\t<div class=\"e-con-inner\">\n\t\t<div class=\"elementor-element elementor-element-382a25e e-con-full e-flex e-con e-child\" data-id=\"382a25e\" data-element_type=\"container\" data-settings=\"{&quot;background_background&quot;:&quot;classic&quot;}\">\n\t\t\t\t<div class=\"elementor-element elementor-element-2a1bf6e elementor-widget elementor-widget-heading\" data-id=\"2a1bf6e\" data-element_type=\"widget\" data-widget_type=\"heading.default\">\n\t\t\t\t<div class=\"elementor-widget-container\">\n\t\t\t<h2 class=\"elementor-heading-title elementor-size-default translation-block\">B\u00cbHU PJES\u00cb <br>E SHOQ\u00cbRIS\u00cb <br>SON\u00cb!<\/h2>\t\t<\/div>\n\t\t\t\t<\/div>\n\t\t\t\t<div class=\"elementor-element elementor-element-b9a8f51 elementor-align-left elementor-widget elementor-widget-button\" data-id=\"b9a8f51\" data-element_type=\"widget\" data-widget_type=\"button.default\">\n\t\t\t\t<div class=\"elementor-widget-container\">\n\t\t\t\t\t<div class=\"elementor-button-wrapper\">\n\t\t\t<a class=\"elementor-button elementor-button-link elementor-size-sm\" href=\"https:\/\/www.instagram.com\/lifer.beer\/\">\n\t\t\t\t\t\t<span class=\"elementor-button-content-wrapper\">\n\t\t\t\t\t\t\t\t\t<span class=\"elementor-button-text\">K\u00cbTU<\/span>\n\t\t\t\t\t<\/span>\n\t\t\t\t\t<\/a>\n\t\t<\/div>\n\t\t\t\t<\/div>\n\t\t\t\t<\/div>\n\t\t\t\t<div class=\"elementor-element elementor-element-10def2d elementor-widget elementor-widget-text-editor\" data-id=\"10def2d\" data-element_type=\"widget\" data-widget_type=\"text-editor.default\">\n\t\t\t\t<div class=\"elementor-widget-container\">\n\t\t\t\t\t\t\t<p class=\"x_MsoNormal\" data-ogsc=\"rgb(0, 0, 0)\" data-olk-copy-source=\"MessageBody\">\u00a0 #lifer \u00a0#liferbeer \u00a0#nonpasteruized \u00a0#coldfiltered \u00a0#reelfreshbeer<\/p>\t\t\t\t\t\t<\/div>\n\t\t\t\t<\/div>\n\t\t\t\t<\/div>\n\t\t<div class=\"elementor-element elementor-element-3428253 e-con-full e-flex e-con e-child\" data-id=\"3428253\" data-element_type=\"container\" data-settings=\"{&quot;background_background&quot;:&quot;classic&quot;}\">\n\t\t\t\t<div class=\"elementor-element elementor-element-1d581fb elementor-widget elementor-widget-image\" data-id=\"1d581fb\" data-element_type=\"widget\" data-widget_type=\"image.default\">\n\t\t\t\t<div class=\"elementor-widget-container\">\n\t\t\t\t\t\t\t\t\t\t\t\t\t<img loading=\"lazy\" decoding=\"async\" width=\"1024\" height=\"686\" src=\"https:\/\/lifer.mk\/wp-content\/uploads\/2024\/12\/Lifer-Insta-01-1024x686.png\" class=\"attachment-large size-large wp-image-2327\" alt=\"\" srcset=\"https:\/\/lifer.mk\/wp-content\/uploads\/2024\/12\/Lifer-Insta-01-1024x686.png 1024w, https:\/\/lifer.mk\/wp-content\/uploads\/2024\/12\/Lifer-Insta-01-300x201.png 300w, https:\/\/lifer.mk\/wp-content\/uploads\/2024\/12\/Lifer-Insta-01-768x515.png 768w, https:\/\/lifer.mk\/wp-content\/uploads\/2024\/12\/Lifer-Insta-01-1536x1029.png 1536w, https:\/\/lifer.mk\/wp-content\/uploads\/2024\/12\/Lifer-Insta-01-2048x1373.png 2048w\" sizes=\"(max-width: 1024px) 100vw, 1024px\" \/>\t\t\t\t\t\t\t\t\t\t\t\t\t<\/div>\n\t\t\t\t<\/div>\n\t\t\t\t<\/div>\n\t\t\t\t\t<\/div>\n\t\t\t\t<\/div>\n\t\t\t\t<\/div>","protected":false},"excerpt":{"rendered":"<p>\u0417\u041d\u0410\u041c \u0428\u0422\u041e \u0415\u041d\u0410\u0408\u0414\u041e\u0411\u0420\u041e! \u041f\u0440\u043e\u0438\u0437\u0432\u0435\u0434\u0435\u043d\u043e \u043f\u043e \u043d\u0430\u0458\u043d\u043e\u0432\u0430 \u0438 \u043d\u0430\u0458\u0441\u043e\u0432\u0440\u0435\u043c\u0435\u043d\u0430 \u0442\u0435\u0445\u043d\u043e\u043b\u043e\u0433\u0438\u0458\u0430, Lifer \u043f\u0440\u0435\u043c\u0438\u0443\u043c \u0441\u0432\u0435\u0442\u043b\u043e \u043b\u0430\u0433\u0435\u0440 \u043f\u0438\u0432\u043e \u0435 \u043d\u0435-\u043f\u0430\u0441\u0442\u0435\u0440\u0438\u0437\u0438\u0440\u0430\u043d\u043e, \u043b\u0430\u0434\u043d\u043e \u0444\u0438\u043b\u0442\u0440\u0438\u0440\u0430\u043d\u043e. Lifer \u0435 [&hellip;]<\/p>","protected":false},"author":1,"featured_media":93,"parent":0,"menu_order":0,"comment_status":"closed","ping_status":"closed","template":"elementor_header_footer","meta":{"site-sidebar-layout":"default","site-content-layout":"","ast-site-content-layout":"","site-content-style":"default","site-sidebar-style":"default","ast-global-header-display":"","ast-banner-title-visibility":"","ast-main-header-display":"","ast-hfb-above-header-display":"","ast-hfb-below-header-display":"","ast-hfb-mobile-header-display":"","site-post-title":"","ast-breadcrumbs-content":"","ast-featured-img":"","footer-sml-layout":"","theme-transparent-header-meta":"","adv-header-id-meta":"","stick-header-meta":"","header-above-stick-meta":"","header-main-stick-meta":"","header-below-stick-meta":"","astra-migrate-meta-layouts":"default","ast-page-background-enabled":"default","ast-page-background-meta":{"desktop":{"background-color":"var(--ast-global-color-4)","background-image":"","background-repeat":"repeat","background-position":"center center","background-size":"auto","background-attachment":"scroll","background-type":"","background-media":"","overlay-type":"","overlay-color":"","overlay-opacity":"","overlay-gradient":""},"tablet":{"background-color":"","background-image":"","background-repeat":"repeat","background-position":"center center","background-size":"auto","background-attachment":"scroll","background-type":"","background-media":"","overlay-type":"","overlay-color":"","overlay-opacity":"","overlay-gradient":""},"mobile":{"background-color":"","background-image":"","background-repeat":"repeat","background-position":"center center","background-size":"auto","background-attachment":"scroll","background-type":"","background-media":"","overlay-type":"","overlay-color":"","overlay-opacity":"","overlay-gradient":""}},"ast-content-background-meta":{"desktop":{"background-color":"var(--ast-global-color-5)","background-image":"","background-repeat":"repeat","background-position":"center center","background-size":"auto","background-attachment":"scroll","background-type":"","background-media":"","overlay-type":"","overlay-color":"","overlay-opacity":"","overlay-gradient":""},"tablet":{"background-color":"var(--ast-global-color-5)","background-image":"","background-repeat":"repeat","background-position":"center center","background-size":"auto","background-attachment":"scroll","background-type":"","background-media":"","overlay-type":"","overlay-color":"","overlay-opacity":"","overlay-gradient":""},"mobile":{"background-color":"var(--ast-global-color-5)","background-image":"","background-repeat":"repeat","background-position":"center center","background-size":"auto","background-attachment":"scroll","background-type":"","background-media":"","overlay-type":"","overlay-color":"","overlay-opacity":"","overlay-gradient":""}},"footnotes":""},"class_list":["post-72","page","type-page","status-publish","has-post-thumbnail","hentry"],"_links":{"self":[{"href":"https:\/\/lifer.mk\/sq\/wp-json\/wp\/v2\/pages\/72","targetHints":{"allow":["GET"]}}],"collection":[{"href":"https:\/\/lifer.mk\/sq\/wp-json\/wp\/v2\/pages"}],"about":[{"href":"https:\/\/lifer.mk\/sq\/wp-json\/wp\/v2\/types\/page"}],"author":[{"embeddable":true,"href":"https:\/\/lifer.mk\/sq\/wp-json\/wp\/v2\/users\/1"}],"replies":[{"embeddable":true,"href":"https:\/\/lifer.mk\/sq\/wp-json\/wp\/v2\/comments?post=72"}],"version-history":[{"count":616,"href":"https:\/\/lifer.mk\/sq\/wp-json\/wp\/v2\/pages\/72\/revisions"}],"predecessor-version":[{"id":2375,"href":"https:\/\/lifer.mk\/sq\/wp-json\/wp\/v2\/pages\/72\/revisions\/2375"}],"wp:featuredmedia":[{"embeddable":true,"href":"https:\/\/lifer.mk\/sq\/wp-json\/wp\/v2\/media\/93"}],"wp:attachment":[{"href":"https:\/\/lifer.mk\/sq\/wp-json\/wp\/v2\/media?parent=72"}],"curies":[{"name":"wp","href":"https:\/\/api.w.org\/{rel}","templated":true}]}}